{"id":251,"date":"2024-05-22T20:07:21","date_gmt":"2024-05-22T18:07:21","guid":{"rendered":"https:\/\/physio-pillinger.at\/?page_id=251"},"modified":"2024-05-22T20:07:21","modified_gmt":"2024-05-22T18:07:21","slug":"cookie-richtlinie","status":"publish","type":"page","link":"https:\/\/physio-alkoven.at\/?page_id=251","title":{"rendered":"COOKIE-Richtlinie"},"content":{"rendered":"\n<h1 class=\"wp-block-heading\">1. Was ist ein Cookie?<\/h1>\n\n\n\n<p>Ein Cookie ist eine kleine Datei aus Buchstaben und Zahlen, die auf den Computer heruntergeladen wird, wenn Nutzer auf bestimmte Websites zugreifen. In der Regel erm\u00f6glichen es Cookies einer Website, den Computer eines Nutzers zu erkennen.<\/p>\n\n\n\n<p>\u200bDas Wichtigste, was man \u00fcber die von Wix platzierten Cookies wissen muss, ist, dass sie unsere Website etwas nutzerfreundlicher machen, z. B. durch die Speicherung von Website-Pr\u00e4ferenzen und Spracheinstellungen.<\/p>\n\n\n\n<h2 class=\"wp-block-heading\">2. Warum verwenden wir Cookies?<\/h2>\n\n\n\n<p>Wir k\u00f6nnen Cookies und \u00e4hnliche Technologien f\u00fcr unterschiedliche Zwecke verwenden, beispielsweise: i) aus Sicherheitsgr\u00fcnden und zum Schutz vor Betrug sowie um Cyber-Angriffe zu erkennen und zu verhindern; ii) um ausgew\u00e4hlte Dienste zur Verf\u00fcgung stellen zu k\u00f6nnen; iii) um die Performance, den Betrieb und die Wirksamkeit unserer Dienste zu \u00fcberwachen und zu analysieren und iv) um das Nutzererlebnis zu verbessern.<\/p>\n\n\n\n<h2 class=\"wp-block-heading\">3. Cookie-\u00dcbersicht:<\/h2>\n\n\n\n<p>Hier&nbsp;ist eine \u00dcbersicht, welche Cookies auf Websites von Wix verwendet werden k\u00f6nnen.<\/p>\n\n\n\n<h2 class=\"wp-block-heading\">4. Optionen:<\/h2>\n\n\n\n<p>Um mehr \u00fcber Cookies zu erfahren, u. a. wie man erkennt, welche Cookies gesetzt wurden und wie man sie verwaltet, l\u00f6scht und blockiert, empfehlen wir einen Besuch auf&nbsp;<a href=\"http:\/\/www.aboutcookies.org\/\" target=\"_blank\" rel=\"noreferrer noopener\">www.aboutcookies.org<\/a>&nbsp;oder&nbsp;<a href=\"http:\/\/www.allaboutcookies.org\/\" target=\"_blank\" rel=\"noreferrer noopener\">www.allaboutcookies.org<\/a>.<\/p>\n\n\n\n<p>Alternativ ist es auch m\u00f6glich, dass der Browser Cookies grunds\u00e4tzlich blockiert. Dazu m\u00fcssen Nutzer die Cookie-Einstellungen im Browser entsprechend \u00e4ndern. Diese Einstellungen befinden sich normalerweise im Men\u00fc des Browsers unter \u201eOptionen\u201c oder \u201ePr\u00e4ferenzen\u201c.<\/p>\n\n\n\n<p>Das L\u00f6schen unserer Cookies oder die Deaktivierung zuk\u00fcnftiger Cookies oder Tracking-Technologien kann zur Folge haben, dass bestimmte Bereiche oder Funktionen unserer Dienste nicht mehr zur Verf\u00fcgung stehen oder das Nutzererlebnis anderweitig beeintr\u00e4chtigt wird.<\/p>\n\n\n\n<p>Um die Verwendung eigener Daten durch Google Analytics auf allen Websites abzulehnen und zu verhindern, bestehen die folgenden Anweisungen:&nbsp;<a href=\"https:\/\/tools.google.com\/dlpage\/gaoptout.\" target=\"_blank\" rel=\"noreferrer noopener\">https:\/\/tools.google.com\/dlpage\/gaoptout.<\/a><\/p>\n\n\n\n<p>Wir k\u00f6nnen diese Cookie-Richtlinie aktualisieren. Wir bitten Nutzer, diese Seite regelm\u00e4\u00dfig aufzurufen, um sich \u00fcber den aktuellen Stand in Bezug auf die Verwendung von Cookies auf dem Laufenden zu halten.<\/p>\n","protected":false},"excerpt":{"rendered":"<p>1. Was ist ein Cookie? Ein Cookie ist eine kleine Datei aus Buchstaben und Zahlen, die auf den Computer heruntergeladen [&hellip;]<\/p>\n","protected":false},"author":1,"featured_media":0,"parent":0,"menu_order":0,"comment_status":"closed","ping_status":"closed","template":"","meta":{"site-sidebar-layout":"default","site-content-layout":"","ast-site-content-layout":"default","site-content-style":"default","site-sidebar-style":"default","ast-global-header-display":"","ast-banner-title-visibility":"","ast-main-header-display":"","ast-hfb-above-header-display":"","ast-hfb-below-header-display":"","ast-hfb-mobile-header-display":"","site-post-title":"","ast-breadcrumbs-content":"","ast-featured-img":"","footer-sml-layout":"","ast-disable-related-posts":"","theme-transparent-header-meta":"","adv-header-id-meta":"","stick-header-meta":"","header-above-stick-meta":"","header-main-stick-meta":"","header-below-stick-meta":"","astra-migrate-meta-layouts":"default","ast-page-background-enabled":"default","ast-page-background-meta":{"desktop":{"background-color":"var(--ast-global-color-4)","background-image":"","background-repeat":"repeat","background-position":"center center","background-size":"auto","background-attachment":"scroll","background-type":"","background-media":"","overlay-type":"","overlay-color":"","overlay-opacity":"","overlay-gradient":""},"tablet":{"background-color":"","background-image":"","background-repeat":"repeat","background-position":"center center","background-size":"auto","background-attachment":"scroll","background-type":"","background-media":"","overlay-type":"","overlay-color":"","overlay-opacity":"","overlay-gradient":""},"mobile":{"background-color":"","background-image":"","background-repeat":"repeat","background-position":"center center","background-size":"auto","background-attachment":"scroll","background-type":"","background-media":"","overlay-type":"","overlay-color":"","overlay-opacity":"","overlay-gradient":""}},"ast-content-background-meta":{"desktop":{"background-color":"var(--ast-global-color-5)","background-image":"","background-repeat":"repeat","background-position":"center center","background-size":"auto","background-attachment":"scroll","background-type":"","background-media":"","overlay-type":"","overlay-color":"","overlay-opacity":"","overlay-gradient":""},"tablet":{"background-color":"var(--ast-global-color-5)","background-image":"","background-repeat":"repeat","background-position":"center center","background-size":"auto","background-attachment":"scroll","background-type":"","background-media":"","overlay-type":"","overlay-color":"","overlay-opacity":"","overlay-gradient":""},"mobile":{"background-color":"var(--ast-global-color-5)","background-image":"","background-repeat":"repeat","background-position":"center center","background-size":"auto","background-attachment":"scroll","background-type":"","background-media":"","overlay-type":"","overlay-color":"","overlay-opacity":"","overlay-gradient":""}},"footnotes":""},"class_list":["post-251","page","type-page","status-publish","hentry"],"yoast_head":"<!-- This site is optimized with the Yoast SEO plugin v26.6 - https:\/\/yoast.com\/wordpress\/plugins\/seo\/ -->\n<title>COOKIE-Richtlinie - Physio Alkoven<\/title>\n<meta name=\"robots\" content=\"index, follow, max-snippet:-1, max-image-preview:large, max-video-preview:-1\" \/>\n<link rel=\"canonical\" href=\"https:\/\/physio-alkoven.at\/?page_id=251\" \/>\n<meta property=\"og:locale\" content=\"de_DE\" \/>\n<meta property=\"og:type\" content=\"article\" \/>\n<meta property=\"og:title\" content=\"COOKIE-Richtlinie - Physio Alkoven\" \/>\n<meta property=\"og:description\" content=\"1. Was ist ein Cookie? Ein Cookie ist eine kleine Datei aus Buchstaben und Zahlen, die auf den Computer heruntergeladen [&hellip;]\" \/>\n<meta property=\"og:url\" content=\"https:\/\/physio-alkoven.at\/?page_id=251\" \/>\n<meta property=\"og:site_name\" content=\"Physio Alkoven\" \/>\n<meta name=\"twitter:card\" content=\"summary_large_image\" \/>\n<meta name=\"twitter:label1\" content=\"Gesch\u00e4tzte Lesezeit\" \/>\n\t<meta name=\"twitter:data1\" content=\"2\u00a0Minuten\" \/>\n<script type=\"application\/ld+json\" class=\"yoast-schema-graph\">{\"@context\":\"https:\/\/schema.org\",\"@graph\":[{\"@type\":\"WebPage\",\"@id\":\"https:\/\/physio-alkoven.at\/?page_id=251\",\"url\":\"https:\/\/physio-alkoven.at\/?page_id=251\",\"name\":\"COOKIE-Richtlinie - Physio Alkoven\",\"isPartOf\":{\"@id\":\"https:\/\/physio-alkoven.at\/#website\"},\"datePublished\":\"2024-05-22T18:07:21+00:00\",\"breadcrumb\":{\"@id\":\"https:\/\/physio-alkoven.at\/?page_id=251#breadcrumb\"},\"inLanguage\":\"de\",\"potentialAction\":[{\"@type\":\"ReadAction\",\"target\":[\"https:\/\/physio-alkoven.at\/?page_id=251\"]}]},{\"@type\":\"BreadcrumbList\",\"@id\":\"https:\/\/physio-alkoven.at\/?page_id=251#breadcrumb\",\"itemListElement\":[{\"@type\":\"ListItem\",\"position\":1,\"name\":\"Startseite\",\"item\":\"https:\/\/physio-alkoven.at\/\"},{\"@type\":\"ListItem\",\"position\":2,\"name\":\"COOKIE-Richtlinie\"}]},{\"@type\":\"WebSite\",\"@id\":\"https:\/\/physio-alkoven.at\/#website\",\"url\":\"https:\/\/physio-alkoven.at\/\",\"name\":\"Physio Alkoven\",\"description\":\"Patrick Pillinger\",\"publisher\":{\"@id\":\"https:\/\/physio-alkoven.at\/#organization\"},\"alternateName\":\"Physio Pillinger Alkoven\",\"potentialAction\":[{\"@type\":\"SearchAction\",\"target\":{\"@type\":\"EntryPoint\",\"urlTemplate\":\"https:\/\/physio-alkoven.at\/?s={search_term_string}\"},\"query-input\":{\"@type\":\"PropertyValueSpecification\",\"valueRequired\":true,\"valueName\":\"search_term_string\"}}],\"inLanguage\":\"de\"},{\"@type\":\"Organization\",\"@id\":\"https:\/\/physio-alkoven.at\/#organization\",\"name\":\"Physio Pillinger Alkoven\",\"url\":\"https:\/\/physio-alkoven.at\/\",\"logo\":{\"@type\":\"ImageObject\",\"inLanguage\":\"de\",\"@id\":\"https:\/\/physio-alkoven.at\/#\/schema\/logo\/image\/\",\"url\":\"https:\/\/physio-alkoven.at\/wp-content\/uploads\/2024\/05\/cropped-cropped-Pillinger-Logo-200x200_Ansicht-2-2.png\",\"contentUrl\":\"https:\/\/physio-alkoven.at\/wp-content\/uploads\/2024\/05\/cropped-cropped-Pillinger-Logo-200x200_Ansicht-2-2.png\",\"width\":567,\"height\":475,\"caption\":\"Physio Pillinger Alkoven\"},\"image\":{\"@id\":\"https:\/\/physio-alkoven.at\/#\/schema\/logo\/image\/\"}}]}<\/script>\n<!-- \/ Yoast SEO plugin. -->","yoast_head_json":{"title":"COOKIE-Richtlinie - Physio Alkoven","robots":{"index":"index","follow":"follow","max-snippet":"max-snippet:-1","max-image-preview":"max-image-preview:large","max-video-preview":"max-video-preview:-1"},"canonical":"https:\/\/physio-alkoven.at\/?page_id=251","og_locale":"de_DE","og_type":"article","og_title":"COOKIE-Richtlinie - Physio Alkoven","og_description":"1. Was ist ein Cookie? Ein Cookie ist eine kleine Datei aus Buchstaben und Zahlen, die auf den Computer heruntergeladen [&hellip;]","og_url":"https:\/\/physio-alkoven.at\/?page_id=251","og_site_name":"Physio Alkoven","twitter_card":"summary_large_image","twitter_misc":{"Gesch\u00e4tzte Lesezeit":"2\u00a0Minuten"},"schema":{"@context":"https:\/\/schema.org","@graph":[{"@type":"WebPage","@id":"https:\/\/physio-alkoven.at\/?page_id=251","url":"https:\/\/physio-alkoven.at\/?page_id=251","name":"COOKIE-Richtlinie - Physio Alkoven","isPartOf":{"@id":"https:\/\/physio-alkoven.at\/#website"},"datePublished":"2024-05-22T18:07:21+00:00","breadcrumb":{"@id":"https:\/\/physio-alkoven.at\/?page_id=251#breadcrumb"},"inLanguage":"de","potentialAction":[{"@type":"ReadAction","target":["https:\/\/physio-alkoven.at\/?page_id=251"]}]},{"@type":"BreadcrumbList","@id":"https:\/\/physio-alkoven.at\/?page_id=251#breadcrumb","itemListElement":[{"@type":"ListItem","position":1,"name":"Startseite","item":"https:\/\/physio-alkoven.at\/"},{"@type":"ListItem","position":2,"name":"COOKIE-Richtlinie"}]},{"@type":"WebSite","@id":"https:\/\/physio-alkoven.at\/#website","url":"https:\/\/physio-alkoven.at\/","name":"Physio Alkoven","description":"Patrick Pillinger","publisher":{"@id":"https:\/\/physio-alkoven.at\/#organization"},"alternateName":"Physio Pillinger Alkoven","potentialAction":[{"@type":"SearchAction","target":{"@type":"EntryPoint","urlTemplate":"https:\/\/physio-alkoven.at\/?s={search_term_string}"},"query-input":{"@type":"PropertyValueSpecification","valueRequired":true,"valueName":"search_term_string"}}],"inLanguage":"de"},{"@type":"Organization","@id":"https:\/\/physio-alkoven.at\/#organization","name":"Physio Pillinger Alkoven","url":"https:\/\/physio-alkoven.at\/","logo":{"@type":"ImageObject","inLanguage":"de","@id":"https:\/\/physio-alkoven.at\/#\/schema\/logo\/image\/","url":"https:\/\/physio-alkoven.at\/wp-content\/uploads\/2024\/05\/cropped-cropped-Pillinger-Logo-200x200_Ansicht-2-2.png","contentUrl":"https:\/\/physio-alkoven.at\/wp-content\/uploads\/2024\/05\/cropped-cropped-Pillinger-Logo-200x200_Ansicht-2-2.png","width":567,"height":475,"caption":"Physio Pillinger Alkoven"},"image":{"@id":"https:\/\/physio-alkoven.at\/#\/schema\/logo\/image\/"}}]}},"_links":{"self":[{"href":"https:\/\/physio-alkoven.at\/index.php?rest_route=\/wp\/v2\/pages\/251","targetHints":{"allow":["GET"]}}],"collection":[{"href":"https:\/\/physio-alkoven.at\/index.php?rest_route=\/wp\/v2\/pages"}],"about":[{"href":"https:\/\/physio-alkoven.at\/index.php?rest_route=\/wp\/v2\/types\/page"}],"author":[{"embeddable":true,"href":"https:\/\/physio-alkoven.at\/index.php?rest_route=\/wp\/v2\/users\/1"}],"replies":[{"embeddable":true,"href":"https:\/\/physio-alkoven.at\/index.php?rest_route=%2Fwp%2Fv2%2Fcomments&post=251"}],"version-history":[{"count":0,"href":"https:\/\/physio-alkoven.at\/index.php?rest_route=\/wp\/v2\/pages\/251\/revisions"}],"wp:attachment":[{"href":"https:\/\/physio-alkoven.at\/index.php?rest_route=%2Fwp%2Fv2%2Fmedia&parent=251"}],"curies":[{"name":"wp","href":"https:\/\/api.w.org\/{rel}","templated":true}]}}