{"id":359,"date":"2024-05-31T12:41:34","date_gmt":"2024-05-31T10:41:34","guid":{"rendered":"https:\/\/physio-pillinger.at\/?page_id=359"},"modified":"2025-10-08T18:48:49","modified_gmt":"2025-10-08T18:48:49","slug":"info","status":"publish","type":"page","link":"https:\/\/physio-alkoven.at\/?page_id=359","title":{"rendered":"Info"},"content":{"rendered":"\n<p>F\u00fcr eine pers\u00f6nliche Terminvereinbarung erreichen Sie mich unter <code><a href=\"tel:+4367762307000\">+43 677 6230 7000<\/a><\/code>. Alternativ k\u00f6nnen Sie Ihren Wunschtermin einfach und schnell \u00fcber die <a href=\"https:\/\/physio-pillinger.at\/#Termin-Buchen\" data-type=\"page\" data-id=\"2\">Online-Terminvereinbarung<\/a> buchen. Sollten Sie keinen passenden Termin finden oder akute Schmerzen haben, rufen Sie mich bitte an, damit wir kurzfristig einen Termin f\u00fcr Sie finden k\u00f6nnen. Falls ich Ihren Anruf nicht direkt entgegennehmen kann, rufe ich so schnell wie m\u00f6glich zur\u00fcck.<\/p>\n\n\n\n<p><strong>Was Sie zu Ihrer ersten Therapieeinheit mitbringen sollten:<\/strong><\/p>\n\n\n\n<ul class=\"wp-block-list\">\n<li>\u00c4rztliche \u00dcberweisung zur Physiotherapie<\/li>\n\n\n\n<li>Aktuelle Befunde (z.B. MRT, R\u00f6ntgen) falls vorhanden<\/li>\n\n\n\n<li>Badetuch<\/li>\n\n\n\n<li>Bequeme Kleidung oder Sportkleidung<\/li>\n<\/ul>\n\n\n\n<p><\/p>\n\n\n\n<p><strong>Kostenr\u00fcckerstattung<\/strong><\/p>\n\n\n\n<p>Als Wahlphysiotherapeut verrechne ich meine Leistungen nicht direkt mit Ihrer Krankenkasse. Das bedeutet, dass Sie die Honorarnote nach Abschluss der Therapieserie bezahlen und anschlie\u00dfend zur teilweisen Kostenerstattung bei Ihrer Krankenkasse einreichen k\u00f6nnen. Hierf\u00fcr ben\u00f6tigen Sie die Verordnung (Zuweisung), die Honorarnote, die Zahlungsbest\u00e4tigung und gegebenenfalls die chef\u00e4rztliche Bewilligung. Die H\u00f6he der R\u00fcckerstattung richtet sich nach den Tarifen Ihrer Krankenkasse. Gerne \u00fcbernehme ich f\u00fcr Sie das Ansuchen um Kostenr\u00fcckerstattung. Wenn Sie eine entsprechende Zusatzversicherung haben, k\u00f6nnen Sie dort um die \u00dcbernahme der verbleibenden Kosten ansuchen.<\/p>\n\n\n\n<p><strong>Link zur R\u00fcckerstattung \u00d6GK:<\/strong><br><a href=\"https:\/\/www.gesundheitskasse.at\/cdscontent\/?contentid=10007.867336&amp;portal=oegkportal\" target=\"_blank\" rel=\"noreferrer noopener\">Therapie und Rehabilitation (gesundheitskasse.at)<\/a><\/p>\n\n\n\n<figure class=\"wp-block-table is-style-stripes\"><table class=\"has-fixed-layout\"><thead><tr><th>Leistungsbezeichnung<\/th><th class=\"has-text-align-right\" data-align=\"right\">\u00d6GK<\/th><th class=\"has-text-align-right\" data-align=\"right\">SVS<\/th><th class=\"has-text-align-right\" data-align=\"right\">BVAEB<\/th><\/tr><\/thead><tbody><tr><td>Physiotherapie 30 min.<\/td><td class=\"has-text-align-right\" data-align=\"right\">30,40 \u20ac<\/td><td class=\"has-text-align-right\" data-align=\"right\">33,65 \u20ac<\/td><td class=\"has-text-align-right\" data-align=\"right\">38,00 \u20ac<\/td><\/tr><tr><td>Physiotherapie 45min.<\/td><td class=\"has-text-align-right\" data-align=\"right\">45,62 \u20ac<\/td><td class=\"has-text-align-right\" data-align=\"right\">50,47 \u20ac<\/td><td class=\"has-text-align-right\" data-align=\"right\">57,02 \u20ac<\/td><\/tr><tr><td>Physiotherapie 60 min.<\/td><td class=\"has-text-align-right\" data-align=\"right\">60,82 \u20ac<\/td><td class=\"has-text-align-right\" data-align=\"right\">67,29 \u20ac<\/td><td class=\"has-text-align-right\" data-align=\"right\">76,03 \u20ac<\/td><\/tr><tr><td>Lymphtheraphie 45 min.<\/td><td class=\"has-text-align-right\" data-align=\"right\">45,62 \u20ac<\/td><td class=\"has-text-align-right\" data-align=\"right\">50,47 \u20ac<\/td><td class=\"has-text-align-right\" data-align=\"right\">50,39 \u20ac<\/td><\/tr><tr><td>Lymphtheraphie 60 min.<\/td><td class=\"has-text-align-right\" data-align=\"right\">60,82 \u20ac<\/td><td class=\"has-text-align-right\" data-align=\"right\">67,29 \u20ac<\/td><td class=\"has-text-align-right\" data-align=\"right\">67,19 \u20ac<\/td><\/tr><tr><td>Heilmassage in der Mindestdauer von 15 min.<\/td><td class=\"has-text-align-right\" data-align=\"right\">8,10 \u20ac<\/td><td class=\"has-text-align-right\" data-align=\"right\">9,13 \u20ac<\/td><td class=\"has-text-align-right\" data-align=\"right\">10,12 \u20ac<\/td><\/tr><tr><td>Hausbesuch<\/td><td class=\"has-text-align-right\" data-align=\"right\">30,40 \u20ac<\/td><td class=\"has-text-align-right\" data-align=\"right\">29,79 \u20ac<\/td><td class=\"has-text-align-right\" data-align=\"right\">38,00 \u20ac<\/td><\/tr><tr><td>Kilometergeld f\u00fcr Hausbesuch<\/td><td class=\"has-text-align-right\" data-align=\"right\">0,40 \u20ac<\/td><td class=\"has-text-align-right\" data-align=\"right\">0,50 \u20ac<\/td><td class=\"has-text-align-right\" data-align=\"right\">0,50 \u20ac<\/td><\/tr><\/tbody><\/table><\/figure>\n\n\n\n<p>Alle Angaben ohne Gew\u00e4hr, Stand 01-2025<\/p>\n\n\n\n<p><strong>Terminabsage<\/strong><\/p>\n\n\n\n<p>Da ich jede Therapieeinheit individuell vorbereite, bitte ich Sie, Termine rechtzeitig, mindestens 24 Stunden im Voraus, abzusagen. Bitte haben Sie Verst\u00e4ndnis daf\u00fcr, dass ich Ihnen zu sp\u00e4t abgesagte Termine in Rechnung stellen muss.<\/p>\n\n\n\n<p><\/p>\n","protected":false},"excerpt":{"rendered":"<p>F\u00fcr eine pers\u00f6nliche Terminvereinbarung erreichen Sie mich unter +43 677 6230 7000. Alternativ k\u00f6nnen Sie Ihren Wunschtermin einfach und schnell [&hellip;]<\/p>\n","protected":false},"author":1,"featured_media":0,"parent":0,"menu_order":0,"comment_status":"closed","ping_status":"closed","template":"","meta":{"site-sidebar-layout":"default","site-content-layout":"","ast-site-content-layout":"default","site-content-style":"default","site-sidebar-style":"default","ast-global-header-display":"","ast-banner-title-visibility":"","ast-main-header-display":"","ast-hfb-above-header-display":"","ast-hfb-below-header-display":"","ast-hfb-mobile-header-display":"","site-post-title":"","ast-breadcrumbs-content":"","ast-featured-img":"","footer-sml-layout":"","ast-disable-related-posts":"","theme-transparent-header-meta":"","adv-header-id-meta":"","stick-header-meta":"","header-above-stick-meta":"","header-main-stick-meta":"","header-below-stick-meta":"","astra-migrate-meta-layouts":"default","ast-page-background-enabled":"default","ast-page-background-meta":{"desktop":{"background-color":"var(--ast-global-color-4)","background-image":"","background-repeat":"repeat","background-position":"center center","background-size":"auto","background-attachment":"scroll","background-type":"","background-media":"","overlay-type":"","overlay-color":"","overlay-opacity":"","overlay-gradient":""},"tablet":{"background-color":"","background-image":"","background-repeat":"repeat","background-position":"center center","background-size":"auto","background-attachment":"scroll","background-type":"","background-media":"","overlay-type":"","overlay-color":"","overlay-opacity":"","overlay-gradient":""},"mobile":{"background-color":"","background-image":"","background-repeat":"repeat","background-position":"center center","background-size":"auto","background-attachment":"scroll","background-type":"","background-media":"","overlay-type":"","overlay-color":"","overlay-opacity":"","overlay-gradient":""}},"ast-content-background-meta":{"desktop":{"background-color":"var(--ast-global-color-5)","background-image":"","background-repeat":"repeat","background-position":"center center","background-size":"auto","background-attachment":"scroll","background-type":"","background-media":"","overlay-type":"","overlay-color":"","overlay-opacity":"","overlay-gradient":""},"tablet":{"background-color":"var(--ast-global-color-5)","background-image":"","background-repeat":"repeat","background-position":"center center","background-size":"auto","background-attachment":"scroll","background-type":"","background-media":"","overlay-type":"","overlay-color":"","overlay-opacity":"","overlay-gradient":""},"mobile":{"background-color":"var(--ast-global-color-5)","background-image":"","background-repeat":"repeat","background-position":"center center","background-size":"auto","background-attachment":"scroll","background-type":"","background-media":"","overlay-type":"","overlay-color":"","overlay-opacity":"","overlay-gradient":""}},"footnotes":""},"class_list":["post-359","page","type-page","status-publish","hentry"],"yoast_head":"<!-- This site is optimized with the Yoast SEO plugin v26.6 - https:\/\/yoast.com\/wordpress\/plugins\/seo\/ -->\n<title>Info - Physio Alkoven<\/title>\n<meta name=\"robots\" content=\"index, follow, max-snippet:-1, max-image-preview:large, max-video-preview:-1\" \/>\n<link rel=\"canonical\" href=\"https:\/\/physio-alkoven.at\/?page_id=359\" \/>\n<meta property=\"og:locale\" content=\"de_DE\" \/>\n<meta property=\"og:type\" content=\"article\" \/>\n<meta property=\"og:title\" content=\"Info - Physio Alkoven\" \/>\n<meta property=\"og:description\" content=\"F\u00fcr eine pers\u00f6nliche Terminvereinbarung erreichen Sie mich unter +43 677 6230 7000. Alternativ k\u00f6nnen Sie Ihren Wunschtermin einfach und schnell [&hellip;]\" \/>\n<meta property=\"og:url\" content=\"https:\/\/physio-alkoven.at\/?page_id=359\" \/>\n<meta property=\"og:site_name\" content=\"Physio Alkoven\" \/>\n<meta property=\"article:modified_time\" content=\"2025-10-08T18:48:49+00:00\" \/>\n<meta name=\"twitter:card\" content=\"summary_large_image\" \/>\n<meta name=\"twitter:label1\" content=\"Gesch\u00e4tzte Lesezeit\" \/>\n\t<meta name=\"twitter:data1\" content=\"2\u00a0Minuten\" \/>\n<script type=\"application\/ld+json\" class=\"yoast-schema-graph\">{\"@context\":\"https:\/\/schema.org\",\"@graph\":[{\"@type\":\"WebPage\",\"@id\":\"https:\/\/physio-alkoven.at\/?page_id=359\",\"url\":\"https:\/\/physio-alkoven.at\/?page_id=359\",\"name\":\"Info - Physio Alkoven\",\"isPartOf\":{\"@id\":\"https:\/\/physio-alkoven.at\/#website\"},\"datePublished\":\"2024-05-31T10:41:34+00:00\",\"dateModified\":\"2025-10-08T18:48:49+00:00\",\"breadcrumb\":{\"@id\":\"https:\/\/physio-alkoven.at\/?page_id=359#breadcrumb\"},\"inLanguage\":\"de\",\"potentialAction\":[{\"@type\":\"ReadAction\",\"target\":[\"https:\/\/physio-alkoven.at\/?page_id=359\"]}]},{\"@type\":\"BreadcrumbList\",\"@id\":\"https:\/\/physio-alkoven.at\/?page_id=359#breadcrumb\",\"itemListElement\":[{\"@type\":\"ListItem\",\"position\":1,\"name\":\"Startseite\",\"item\":\"https:\/\/physio-alkoven.at\/\"},{\"@type\":\"ListItem\",\"position\":2,\"name\":\"Info\"}]},{\"@type\":\"WebSite\",\"@id\":\"https:\/\/physio-alkoven.at\/#website\",\"url\":\"https:\/\/physio-alkoven.at\/\",\"name\":\"Physio Alkoven\",\"description\":\"Patrick Pillinger\",\"publisher\":{\"@id\":\"https:\/\/physio-alkoven.at\/#organization\"},\"alternateName\":\"Physio Pillinger Alkoven\",\"potentialAction\":[{\"@type\":\"SearchAction\",\"target\":{\"@type\":\"EntryPoint\",\"urlTemplate\":\"https:\/\/physio-alkoven.at\/?s={search_term_string}\"},\"query-input\":{\"@type\":\"PropertyValueSpecification\",\"valueRequired\":true,\"valueName\":\"search_term_string\"}}],\"inLanguage\":\"de\"},{\"@type\":\"Organization\",\"@id\":\"https:\/\/physio-alkoven.at\/#organization\",\"name\":\"Physio Pillinger Alkoven\",\"url\":\"https:\/\/physio-alkoven.at\/\",\"logo\":{\"@type\":\"ImageObject\",\"inLanguage\":\"de\",\"@id\":\"https:\/\/physio-alkoven.at\/#\/schema\/logo\/image\/\",\"url\":\"https:\/\/physio-alkoven.at\/wp-content\/uploads\/2024\/05\/cropped-cropped-Pillinger-Logo-200x200_Ansicht-2-2.png\",\"contentUrl\":\"https:\/\/physio-alkoven.at\/wp-content\/uploads\/2024\/05\/cropped-cropped-Pillinger-Logo-200x200_Ansicht-2-2.png\",\"width\":567,\"height\":475,\"caption\":\"Physio Pillinger Alkoven\"},\"image\":{\"@id\":\"https:\/\/physio-alkoven.at\/#\/schema\/logo\/image\/\"}}]}<\/script>\n<!-- \/ Yoast SEO plugin. -->","yoast_head_json":{"title":"Info - Physio Alkoven","robots":{"index":"index","follow":"follow","max-snippet":"max-snippet:-1","max-image-preview":"max-image-preview:large","max-video-preview":"max-video-preview:-1"},"canonical":"https:\/\/physio-alkoven.at\/?page_id=359","og_locale":"de_DE","og_type":"article","og_title":"Info - Physio Alkoven","og_description":"F\u00fcr eine pers\u00f6nliche Terminvereinbarung erreichen Sie mich unter +43 677 6230 7000. Alternativ k\u00f6nnen Sie Ihren Wunschtermin einfach und schnell [&hellip;]","og_url":"https:\/\/physio-alkoven.at\/?page_id=359","og_site_name":"Physio Alkoven","article_modified_time":"2025-10-08T18:48:49+00:00","twitter_card":"summary_large_image","twitter_misc":{"Gesch\u00e4tzte Lesezeit":"2\u00a0Minuten"},"schema":{"@context":"https:\/\/schema.org","@graph":[{"@type":"WebPage","@id":"https:\/\/physio-alkoven.at\/?page_id=359","url":"https:\/\/physio-alkoven.at\/?page_id=359","name":"Info - Physio Alkoven","isPartOf":{"@id":"https:\/\/physio-alkoven.at\/#website"},"datePublished":"2024-05-31T10:41:34+00:00","dateModified":"2025-10-08T18:48:49+00:00","breadcrumb":{"@id":"https:\/\/physio-alkoven.at\/?page_id=359#breadcrumb"},"inLanguage":"de","potentialAction":[{"@type":"ReadAction","target":["https:\/\/physio-alkoven.at\/?page_id=359"]}]},{"@type":"BreadcrumbList","@id":"https:\/\/physio-alkoven.at\/?page_id=359#breadcrumb","itemListElement":[{"@type":"ListItem","position":1,"name":"Startseite","item":"https:\/\/physio-alkoven.at\/"},{"@type":"ListItem","position":2,"name":"Info"}]},{"@type":"WebSite","@id":"https:\/\/physio-alkoven.at\/#website","url":"https:\/\/physio-alkoven.at\/","name":"Physio Alkoven","description":"Patrick Pillinger","publisher":{"@id":"https:\/\/physio-alkoven.at\/#organization"},"alternateName":"Physio Pillinger Alkoven","potentialAction":[{"@type":"SearchAction","target":{"@type":"EntryPoint","urlTemplate":"https:\/\/physio-alkoven.at\/?s={search_term_string}"},"query-input":{"@type":"PropertyValueSpecification","valueRequired":true,"valueName":"search_term_string"}}],"inLanguage":"de"},{"@type":"Organization","@id":"https:\/\/physio-alkoven.at\/#organization","name":"Physio Pillinger Alkoven","url":"https:\/\/physio-alkoven.at\/","logo":{"@type":"ImageObject","inLanguage":"de","@id":"https:\/\/physio-alkoven.at\/#\/schema\/logo\/image\/","url":"https:\/\/physio-alkoven.at\/wp-content\/uploads\/2024\/05\/cropped-cropped-Pillinger-Logo-200x200_Ansicht-2-2.png","contentUrl":"https:\/\/physio-alkoven.at\/wp-content\/uploads\/2024\/05\/cropped-cropped-Pillinger-Logo-200x200_Ansicht-2-2.png","width":567,"height":475,"caption":"Physio Pillinger Alkoven"},"image":{"@id":"https:\/\/physio-alkoven.at\/#\/schema\/logo\/image\/"}}]}},"_links":{"self":[{"href":"https:\/\/physio-alkoven.at\/index.php?rest_route=\/wp\/v2\/pages\/359","targetHints":{"allow":["GET"]}}],"collection":[{"href":"https:\/\/physio-alkoven.at\/index.php?rest_route=\/wp\/v2\/pages"}],"about":[{"href":"https:\/\/physio-alkoven.at\/index.php?rest_route=\/wp\/v2\/types\/page"}],"author":[{"embeddable":true,"href":"https:\/\/physio-alkoven.at\/index.php?rest_route=\/wp\/v2\/users\/1"}],"replies":[{"embeddable":true,"href":"https:\/\/physio-alkoven.at\/index.php?rest_route=%2Fwp%2Fv2%2Fcomments&post=359"}],"version-history":[{"count":1,"href":"https:\/\/physio-alkoven.at\/index.php?rest_route=\/wp\/v2\/pages\/359\/revisions"}],"predecessor-version":[{"id":472,"href":"https:\/\/physio-alkoven.at\/index.php?rest_route=\/wp\/v2\/pages\/359\/revisions\/472"}],"wp:attachment":[{"href":"https:\/\/physio-alkoven.at\/index.php?rest_route=%2Fwp%2Fv2%2Fmedia&parent=359"}],"curies":[{"name":"wp","href":"https:\/\/api.w.org\/{rel}","templated":true}]}}