{"id":68,"date":"2024-05-22T05:19:17","date_gmt":"2024-05-22T05:19:17","guid":{"rendered":"http:\/\/physiopillinger.live-website.com\/?page_id=2"},"modified":"2024-11-14T06:01:18","modified_gmt":"2024-11-14T06:01:18","slug":"contact","status":"publish","type":"page","link":"https:\/\/physio-alkoven.at\/?page_id=68","title":{"rendered":"Kontakt"},"content":{"rendered":"\n<div class=\"wp-block-group alignwide is-content-justification-center is-layout-flex wp-container-core-group-is-layout-b02886af wp-block-group-is-layout-flex\">\n<div style=\"height:100px;width:0px\" aria-hidden=\"true\" class=\"wp-block-spacer wp-container-content-6388d5dc\"><\/div>\n\n\n\n<div style=\"font-family: Arial, sans-serif; line-height: 1.6;\">\n    <h1 style=\"color: #333;\">Patrick Pillinger<\/h1>\n    <p>Eferdinger Bundesstra\u00dfe 4, 4072 Alkoven<\/p>\n    <p>Telefon: <a href=\"tel:+4367762307000\" style=\"color: #9abf45;\">+43 677 6230 7000<\/a><\/p>\n    <p>Email: <a href=\"mailto:office@physio-pillinger.at\" style=\"color: #9abf45;\">office@physio-pillinger.at<\/a><\/p>\n<p>\nWaizenkirchen: <a href=\"https:\/\/www.physio-pillinger.at\" target=\"_blank\" style=\"color: #9abf45;\" rel=\"noopener\">www.physio-pillinger.at<\/a><\/p><p>\nAlkoven: <a href=\"https:\/\/www.physio-alkoven.at\" target=\"_blank\" style=\"color: #9abf45;\" rel=\"noopener\">www.physio-alkoven.at<\/a><\/p>\n<\/div>\n\n\n\n<p><\/p>\n<\/div>\n\n\n\n<div class=\"wp-block-group is-layout-constrained wp-block-group-is-layout-constrained\">\n<h2 class=\"wp-block-heading\">Ausbildung:<\/h2>\n\n\n\n<div style=\"font-family: Arial, sans-serif; line-height: 1.6;\">\n    <div style=\"background-color: #e0e6cf; padding: 20px; border-radius: 10px; margin-bottom: 20px;\">\n        <strong>seit 2024<\/strong><br>\n        Freiberuflicher Physiotherapeut in meinen Praxen in Alkoven und Waizenkirchen\n    <\/div>\n    <div style=\"background-color: #e0e6cf; padding: 20px; border-radius: 10px; margin-bottom: 20px;\">\n        <strong>2023-2024<\/strong><br>\n        Physiotherapeut im SANARIS Ambulante Reha-Klinik\n    <\/div>\n    <div style=\"background-color: #e0e6cf; padding: 20px; border-radius: 10px;\">\n        <strong>2023<\/strong><br>\n        Examinierter Physiotherapeut und Heilmasseur\n    <\/div>\n<\/div>\n<\/div>\n","protected":false},"excerpt":{"rendered":"<p>Patrick Pillinger Eferdinger Bundesstra\u00dfe 4, 4072 Alkoven Telefon: +43 677 6230 7000 Email: office@physio-pillinger.at Waizenkirchen: www.physio-pillinger.at Alkoven: www.physio-alkoven.at Ausbildung: seit [&hellip;]<\/p>\n","protected":false},"author":1,"featured_media":0,"parent":0,"menu_order":0,"comment_status":"closed","ping_status":"closed","template":"","meta":{"site-sidebar-layout":"default","site-content-layout":"","ast-site-content-layout":"default","site-content-style":"default","site-sidebar-style":"default","ast-global-header-display":"","ast-banner-title-visibility":"","ast-main-header-display":"","ast-hfb-above-header-display":"","ast-hfb-below-header-display":"","ast-hfb-mobile-header-display":"","site-post-title":"disabled","ast-breadcrumbs-content":"","ast-featured-img":"","footer-sml-layout":"","ast-disable-related-posts":"","theme-transparent-header-meta":"","adv-header-id-meta":"","stick-header-meta":"","header-above-stick-meta":"","header-main-stick-meta":"","header-below-stick-meta":"","astra-migrate-meta-layouts":"default","ast-page-background-enabled":"default","ast-page-background-meta":{"desktop":{"background-color":"var(--ast-global-color-4)","background-image":"","background-repeat":"repeat","background-position":"center center","background-size":"auto","background-attachment":"scroll","background-type":"","background-media":"","overlay-type":"","overlay-color":"","overlay-opacity":"","overlay-gradient":""},"tablet":{"background-color":"","background-image":"","background-repeat":"repeat","background-position":"center center","background-size":"auto","background-attachment":"scroll","background-type":"","background-media":"","overlay-type":"","overlay-color":"","overlay-opacity":"","overlay-gradient":""},"mobile":{"background-color":"","background-image":"","background-repeat":"repeat","background-position":"center center","background-size":"auto","background-attachment":"scroll","background-type":"","background-media":"","overlay-type":"","overlay-color":"","overlay-opacity":"","overlay-gradient":""}},"ast-content-background-meta":{"desktop":{"background-color":"var(--ast-global-color-5)","background-image":"","background-repeat":"repeat","background-position":"center center","background-size":"auto","background-attachment":"scroll","background-type":"","background-media":"","overlay-type":"","overlay-color":"","overlay-opacity":"","overlay-gradient":""},"tablet":{"background-color":"var(--ast-global-color-5)","background-image":"","background-repeat":"repeat","background-position":"center center","background-size":"auto","background-attachment":"scroll","background-type":"","background-media":"","overlay-type":"","overlay-color":"","overlay-opacity":"","overlay-gradient":""},"mobile":{"background-color":"var(--ast-global-color-5)","background-image":"","background-repeat":"repeat","background-position":"center center","background-size":"auto","background-attachment":"scroll","background-type":"","background-media":"","overlay-type":"","overlay-color":"","overlay-opacity":"","overlay-gradient":""}},"footnotes":""},"class_list":["post-68","page","type-page","status-publish","hentry"],"yoast_head":"<!-- This site is optimized with the Yoast SEO plugin v26.6 - https:\/\/yoast.com\/wordpress\/plugins\/seo\/ -->\n<title>Kontakt - Physio Alkoven Physio Physiotherapeut Masseur<\/title>\n<meta name=\"description\" content=\"Mehr als nur Physiotherapie: Als Ihr Physiotherapeut in Waizenkirchen und Alkoven biete ich Ihnen eine ganzheitliche Betreuung, die \u00fcber die klassischen physiotherapeutischen Behandlungen hinausgeht. Durch meine umfassende Ausbildung als Rettungssanit\u00e4ter und Krankenpfleger verf\u00fcge ich \u00fcber ein tiefgreifendes Verst\u00e4ndnis f\u00fcr die Zusammenh\u00e4nge im menschlichen K\u00f6rper. Gemeinsam arbeiten wir daran, Ihre Lebensqualit\u00e4t zu verbessern und Ihre Gesundheit zu st\u00e4rken.\" \/>\n<meta name=\"robots\" content=\"index, follow, max-snippet:-1, max-image-preview:large, max-video-preview:-1\" \/>\n<link rel=\"canonical\" href=\"https:\/\/physio-alkoven.at\/?page_id=68\" \/>\n<meta property=\"og:locale\" content=\"de_DE\" \/>\n<meta property=\"og:type\" content=\"article\" \/>\n<meta property=\"og:title\" content=\"Kontakt - Physio Alkoven Physio Physiotherapeut Masseur\" \/>\n<meta property=\"og:description\" content=\"Mehr als nur Physiotherapie: Als Ihr Physiotherapeut in Waizenkirchen und Alkoven biete ich Ihnen eine ganzheitliche Betreuung, die \u00fcber die klassischen physiotherapeutischen Behandlungen hinausgeht. Durch meine umfassende Ausbildung als Rettungssanit\u00e4ter und Krankenpfleger verf\u00fcge ich \u00fcber ein tiefgreifendes Verst\u00e4ndnis f\u00fcr die Zusammenh\u00e4nge im menschlichen K\u00f6rper. Gemeinsam arbeiten wir daran, Ihre Lebensqualit\u00e4t zu verbessern und Ihre Gesundheit zu st\u00e4rken.\" \/>\n<meta property=\"og:url\" content=\"https:\/\/physio-alkoven.at\/?page_id=68\" \/>\n<meta property=\"og:site_name\" content=\"Physio Alkoven\" \/>\n<meta property=\"article:modified_time\" content=\"2024-11-14T06:01:18+00:00\" \/>\n<meta name=\"twitter:card\" content=\"summary_large_image\" \/>\n<meta name=\"twitter:label1\" content=\"Gesch\u00e4tzte Lesezeit\" \/>\n\t<meta name=\"twitter:data1\" content=\"1\u00a0Minute\" \/>\n<script type=\"application\/ld+json\" class=\"yoast-schema-graph\">{\"@context\":\"https:\/\/schema.org\",\"@graph\":[{\"@type\":\"WebPage\",\"@id\":\"https:\/\/physio-alkoven.at\/?page_id=68\",\"url\":\"https:\/\/physio-alkoven.at\/?page_id=68\",\"name\":\"Kontakt - Physio Alkoven Physio Physiotherapeut Masseur\",\"isPartOf\":{\"@id\":\"https:\/\/physio-alkoven.at\/#website\"},\"datePublished\":\"2024-05-22T05:19:17+00:00\",\"dateModified\":\"2024-11-14T06:01:18+00:00\",\"description\":\"Mehr als nur Physiotherapie: Als Ihr Physiotherapeut in Waizenkirchen und Alkoven biete ich Ihnen eine ganzheitliche Betreuung, die \u00fcber die klassischen physiotherapeutischen Behandlungen hinausgeht. Durch meine umfassende Ausbildung als Rettungssanit\u00e4ter und Krankenpfleger verf\u00fcge ich \u00fcber ein tiefgreifendes Verst\u00e4ndnis f\u00fcr die Zusammenh\u00e4nge im menschlichen K\u00f6rper. Gemeinsam arbeiten wir daran, Ihre Lebensqualit\u00e4t zu verbessern und Ihre Gesundheit zu st\u00e4rken.\",\"breadcrumb\":{\"@id\":\"https:\/\/physio-alkoven.at\/?page_id=68#breadcrumb\"},\"inLanguage\":\"de\",\"potentialAction\":[{\"@type\":\"ReadAction\",\"target\":[\"https:\/\/physio-alkoven.at\/?page_id=68\"]}]},{\"@type\":\"BreadcrumbList\",\"@id\":\"https:\/\/physio-alkoven.at\/?page_id=68#breadcrumb\",\"itemListElement\":[{\"@type\":\"ListItem\",\"position\":1,\"name\":\"Startseite\",\"item\":\"https:\/\/physio-alkoven.at\/\"},{\"@type\":\"ListItem\",\"position\":2,\"name\":\"Kontakt\"}]},{\"@type\":\"WebSite\",\"@id\":\"https:\/\/physio-alkoven.at\/#website\",\"url\":\"https:\/\/physio-alkoven.at\/\",\"name\":\"Physio Alkoven\",\"description\":\"Patrick Pillinger\",\"publisher\":{\"@id\":\"https:\/\/physio-alkoven.at\/#organization\"},\"alternateName\":\"Physio Pillinger Alkoven\",\"potentialAction\":[{\"@type\":\"SearchAction\",\"target\":{\"@type\":\"EntryPoint\",\"urlTemplate\":\"https:\/\/physio-alkoven.at\/?s={search_term_string}\"},\"query-input\":{\"@type\":\"PropertyValueSpecification\",\"valueRequired\":true,\"valueName\":\"search_term_string\"}}],\"inLanguage\":\"de\"},{\"@type\":\"Organization\",\"@id\":\"https:\/\/physio-alkoven.at\/#organization\",\"name\":\"Physio Pillinger Alkoven\",\"url\":\"https:\/\/physio-alkoven.at\/\",\"logo\":{\"@type\":\"ImageObject\",\"inLanguage\":\"de\",\"@id\":\"https:\/\/physio-alkoven.at\/#\/schema\/logo\/image\/\",\"url\":\"https:\/\/physio-alkoven.at\/wp-content\/uploads\/2024\/05\/cropped-cropped-Pillinger-Logo-200x200_Ansicht-2-2.png\",\"contentUrl\":\"https:\/\/physio-alkoven.at\/wp-content\/uploads\/2024\/05\/cropped-cropped-Pillinger-Logo-200x200_Ansicht-2-2.png\",\"width\":567,\"height\":475,\"caption\":\"Physio Pillinger Alkoven\"},\"image\":{\"@id\":\"https:\/\/physio-alkoven.at\/#\/schema\/logo\/image\/\"}}]}<\/script>\n<!-- \/ Yoast SEO plugin. -->","yoast_head_json":{"title":"Kontakt - Physio Alkoven Physio Physiotherapeut Masseur","description":"Mehr als nur Physiotherapie: Als Ihr Physiotherapeut in Waizenkirchen und Alkoven biete ich Ihnen eine ganzheitliche Betreuung, die \u00fcber die klassischen physiotherapeutischen Behandlungen hinausgeht. Durch meine umfassende Ausbildung als Rettungssanit\u00e4ter und Krankenpfleger verf\u00fcge ich \u00fcber ein tiefgreifendes Verst\u00e4ndnis f\u00fcr die Zusammenh\u00e4nge im menschlichen K\u00f6rper. Gemeinsam arbeiten wir daran, Ihre Lebensqualit\u00e4t zu verbessern und Ihre Gesundheit zu st\u00e4rken.","robots":{"index":"index","follow":"follow","max-snippet":"max-snippet:-1","max-image-preview":"max-image-preview:large","max-video-preview":"max-video-preview:-1"},"canonical":"https:\/\/physio-alkoven.at\/?page_id=68","og_locale":"de_DE","og_type":"article","og_title":"Kontakt - Physio Alkoven Physio Physiotherapeut Masseur","og_description":"Mehr als nur Physiotherapie: Als Ihr Physiotherapeut in Waizenkirchen und Alkoven biete ich Ihnen eine ganzheitliche Betreuung, die \u00fcber die klassischen physiotherapeutischen Behandlungen hinausgeht. Durch meine umfassende Ausbildung als Rettungssanit\u00e4ter und Krankenpfleger verf\u00fcge ich \u00fcber ein tiefgreifendes Verst\u00e4ndnis f\u00fcr die Zusammenh\u00e4nge im menschlichen K\u00f6rper. Gemeinsam arbeiten wir daran, Ihre Lebensqualit\u00e4t zu verbessern und Ihre Gesundheit zu st\u00e4rken.","og_url":"https:\/\/physio-alkoven.at\/?page_id=68","og_site_name":"Physio Alkoven","article_modified_time":"2024-11-14T06:01:18+00:00","twitter_card":"summary_large_image","twitter_misc":{"Gesch\u00e4tzte Lesezeit":"1\u00a0Minute"},"schema":{"@context":"https:\/\/schema.org","@graph":[{"@type":"WebPage","@id":"https:\/\/physio-alkoven.at\/?page_id=68","url":"https:\/\/physio-alkoven.at\/?page_id=68","name":"Kontakt - Physio Alkoven Physio Physiotherapeut Masseur","isPartOf":{"@id":"https:\/\/physio-alkoven.at\/#website"},"datePublished":"2024-05-22T05:19:17+00:00","dateModified":"2024-11-14T06:01:18+00:00","description":"Mehr als nur Physiotherapie: Als Ihr Physiotherapeut in Waizenkirchen und Alkoven biete ich Ihnen eine ganzheitliche Betreuung, die \u00fcber die klassischen physiotherapeutischen Behandlungen hinausgeht. Durch meine umfassende Ausbildung als Rettungssanit\u00e4ter und Krankenpfleger verf\u00fcge ich \u00fcber ein tiefgreifendes Verst\u00e4ndnis f\u00fcr die Zusammenh\u00e4nge im menschlichen K\u00f6rper. Gemeinsam arbeiten wir daran, Ihre Lebensqualit\u00e4t zu verbessern und Ihre Gesundheit zu st\u00e4rken.","breadcrumb":{"@id":"https:\/\/physio-alkoven.at\/?page_id=68#breadcrumb"},"inLanguage":"de","potentialAction":[{"@type":"ReadAction","target":["https:\/\/physio-alkoven.at\/?page_id=68"]}]},{"@type":"BreadcrumbList","@id":"https:\/\/physio-alkoven.at\/?page_id=68#breadcrumb","itemListElement":[{"@type":"ListItem","position":1,"name":"Startseite","item":"https:\/\/physio-alkoven.at\/"},{"@type":"ListItem","position":2,"name":"Kontakt"}]},{"@type":"WebSite","@id":"https:\/\/physio-alkoven.at\/#website","url":"https:\/\/physio-alkoven.at\/","name":"Physio Alkoven","description":"Patrick Pillinger","publisher":{"@id":"https:\/\/physio-alkoven.at\/#organization"},"alternateName":"Physio Pillinger Alkoven","potentialAction":[{"@type":"SearchAction","target":{"@type":"EntryPoint","urlTemplate":"https:\/\/physio-alkoven.at\/?s={search_term_string}"},"query-input":{"@type":"PropertyValueSpecification","valueRequired":true,"valueName":"search_term_string"}}],"inLanguage":"de"},{"@type":"Organization","@id":"https:\/\/physio-alkoven.at\/#organization","name":"Physio Pillinger Alkoven","url":"https:\/\/physio-alkoven.at\/","logo":{"@type":"ImageObject","inLanguage":"de","@id":"https:\/\/physio-alkoven.at\/#\/schema\/logo\/image\/","url":"https:\/\/physio-alkoven.at\/wp-content\/uploads\/2024\/05\/cropped-cropped-Pillinger-Logo-200x200_Ansicht-2-2.png","contentUrl":"https:\/\/physio-alkoven.at\/wp-content\/uploads\/2024\/05\/cropped-cropped-Pillinger-Logo-200x200_Ansicht-2-2.png","width":567,"height":475,"caption":"Physio Pillinger Alkoven"},"image":{"@id":"https:\/\/physio-alkoven.at\/#\/schema\/logo\/image\/"}}]}},"_links":{"self":[{"href":"https:\/\/physio-alkoven.at\/index.php?rest_route=\/wp\/v2\/pages\/68","targetHints":{"allow":["GET"]}}],"collection":[{"href":"https:\/\/physio-alkoven.at\/index.php?rest_route=\/wp\/v2\/pages"}],"about":[{"href":"https:\/\/physio-alkoven.at\/index.php?rest_route=\/wp\/v2\/types\/page"}],"author":[{"embeddable":true,"href":"https:\/\/physio-alkoven.at\/index.php?rest_route=\/wp\/v2\/users\/1"}],"replies":[{"embeddable":true,"href":"https:\/\/physio-alkoven.at\/index.php?rest_route=%2Fwp%2Fv2%2Fcomments&post=68"}],"version-history":[{"count":5,"href":"https:\/\/physio-alkoven.at\/index.php?rest_route=\/wp\/v2\/pages\/68\/revisions"}],"predecessor-version":[{"id":465,"href":"https:\/\/physio-alkoven.at\/index.php?rest_route=\/wp\/v2\/pages\/68\/revisions\/465"}],"wp:attachment":[{"href":"https:\/\/physio-alkoven.at\/index.php?rest_route=%2Fwp%2Fv2%2Fmedia&parent=68"}],"curies":[{"name":"wp","href":"https:\/\/api.w.org\/{rel}","templated":true}]}}